{"id":63,"date":"2016-07-08T14:41:54","date_gmt":"2016-07-08T14:41:54","guid":{"rendered":"http:\/\/bridge45.qodeinteractive.com\/?page_id=63"},"modified":"2025-12-08T00:50:55","modified_gmt":"2025-12-08T00:50:55","slug":"quienes-somos","status":"publish","type":"page","link":"https:\/\/sumin.com.gt\/es\/quienes-somos\/","title":{"rendered":"Qui\u00e9nes Somos"},"content":{"rendered":"<div class=\"wpb-content-wrapper\"><p>[vc_row css_animation=\u00bb\u00bb row_type=\u00bbrow\u00bb use_row_as_full_screen_section=\u00bbno\u00bb type=\u00bbgrid\u00bb angled_section=\u00bbno\u00bb text_align=\u00bbleft\u00bb background_image_as_pattern=\u00bbwithout_pattern\u00bb css=\u00bb.vc_custom_1765150029204{padding-top: 60px !important;padding-bottom: 20px !important;}\u00bb z_index=\u00bb\u00bb][vc_column offset=\u00bbvc_col-lg-6 vc_col-md-6&#8243;][vc_single_image image=\u00bb263&#8243; img_size=\u00bbfull\u00bb css=\u00bb\u00bb qode_css_animation=\u00bb\u00bb][vc_empty_space height=\u00bb65px\u00bb][\/vc_column][vc_column offset=\u00bbvc_col-lg-6 vc_col-md-6&#8243;][vc_empty_space height=\u00bb65px\u00bb][vc_column_text css=\u00bb\u00bb]<\/p>\n<h2>SUMIN<\/h2>\n<p>[\/vc_column_text][vc_empty_space height=\u00bb15px\u00bb][vc_column_text css=\u00bb\u00bb]Sumin es un Distribuidor de Soluciones Inform\u00e1ticas para el Mercado Guatemalteco. Nuestro enfoque en el \u00e1rea de Equipo y Suministro de Impresi\u00f3n de gran formato (Plotter), as\u00ed como de equipos de computo de gama alta, nos permite poder ofrecerles a nuestros clientes los mejores beneficios del mercado, garantizando servicio y calidad en nuestras soluciones.[\/vc_column_text][vc_empty_space height=\u00bb50px\u00bb][vc_column_text css=\u00bb\u00bb]<\/p>\n<h4>NUESTRA VISI\u00d3N<\/h4>\n<p>[\/vc_column_text][vc_empty_space height=\u00bb15px\u00bb][vc_column_text css=\u00bb\u00bb]Ser el Canal m\u00e1s grande y especializado en Guatemala en distribuir soluciones de inform\u00e1tica bas\u00e1ndonos en la calidad del Servicio y satisfacci\u00f3n de nuestros clientes.[\/vc_column_text][vc_empty_space height=\u00bb50px\u00bb][vc_column_text css=\u00bb\u00bb]<\/p>\n<h4>NUESTRA FILOSOF\u00cdA<\/h4>\n<p>[\/vc_column_text][vc_empty_space height=\u00bb15px\u00bb][vc_column_text css=\u00bb\u00bb]1. Pasi\u00f3n por el Servicio.<br \/>\n2. Innovaci\u00f3n.<br \/>\n3. Calidad en todo.[\/vc_column_text][vc_empty_space height=\u00bb15px\u00bb][\/vc_column][\/vc_row][vc_row css_animation=\u00bb\u00bb row_type=\u00bbrow\u00bb use_row_as_full_screen_section=\u00bbyes\u00bb type=\u00bbfull_width\u00bb angled_section=\u00bbno\u00bb text_align=\u00bbleft\u00bb background_image_as_pattern=\u00bbwithout_pattern\u00bb background_color=\u00bb#FAFF2E\u00bb css=\u00bb.vc_custom_1765149966532{padding-top: 50px !important;padding-bottom: 50px !important;}\u00bb z_index=\u00bb\u00bb][vc_column][vc_row_inner row_type=\u00bbrow\u00bb type=\u00bbgrid\u00bb text_align=\u00bbleft\u00bb css_animation=\u00bb\u00bb][vc_column_inner width=\u00bb1\/4&#8243;][vc_column_text css=\u00bb\u00bb]<\/p>\n<h3 style=\"text-align: center;\">Equipos para Oficinas<\/h3>\n<p>[\/vc_column_text][vc_empty_space height=\u00bb15px\u00bb][vc_column_text css=\u00bb\u00bb]<\/p>\n<h6 style=\"text-align: center;\"><strong>De planificaci\u00f3n y dise\u00f1o<\/strong><\/h6>\n<p>[\/vc_column_text][\/vc_column_inner][vc_column_inner width=\u00bb1\/4&#8243;][vc_column_text css=\u00bb\u00bb]<\/p>\n<h3 style=\"text-align: center;\">Suministros de Impresi\u00f3n Originales<\/h3>\n<p>[\/vc_column_text][vc_empty_space height=\u00bb15px\u00bb][vc_column_text css=\u00bb\u00bb]<\/p>\n<h6 style=\"text-align: center;\"><strong>Tintas y T\u00f3ner<\/strong><\/h6>\n<p>[\/vc_column_text][\/vc_column_inner][vc_column_inner width=\u00bb1\/4&#8243;][vc_column_text css=\u00bb\u00bb]<\/p>\n<h3 style=\"text-align: center;\">Papeles de Rollo y Resma<\/h3>\n<p>[\/vc_column_text][vc_empty_space height=\u00bb15px\u00bb][vc_column_text css=\u00bb\u00bb]<\/p>\n<h6 style=\"text-align: center;\"><strong>Papel Ecol\u00f3gico<\/strong><\/h6>\n<p>[\/vc_column_text][\/vc_column_inner][vc_column_inner width=\u00bb1\/4&#8243;][vc_column_text css=\u00bb\u00bb]<\/p>\n<h3 style=\"text-align: center;\">De todo para tu oficina<\/h3>\n<p>[\/vc_column_text][vc_empty_space height=\u00bb15px\u00bb][vc_column_text css=\u00bb\u00bb]<\/p>\n<h6 style=\"text-align: center;\"><strong>Lapiceros, marcadores, engrapadoras, etc.<\/strong><\/h6>\n<p>[\/vc_column_text][\/vc_column_inner][\/vc_row_inner][\/vc_column][\/vc_row][vc_row css_animation=\u00bb\u00bb row_type=\u00bbrow\u00bb use_row_as_full_screen_section=\u00bbno\u00bb type=\u00bbgrid\u00bb angled_section=\u00bbno\u00bb text_align=\u00bbleft\u00bb background_image_as_pattern=\u00bbwithout_pattern\u00bb css=\u00bb.vc_custom_1765154281795{padding-top: 60px !important;padding-bottom: 50px !important;}\u00bb z_index=\u00bb\u00bb][vc_column offset=\u00bbvc_col-lg-6 vc_col-md-6&#8243;][vc_empty_space height=\u00bb20px\u00bb][vc_column_text css=\u00bb\u00bb]<\/p>\n<h2>Accesorios y Repuestos<\/h2>\n<p>[\/vc_column_text][vc_empty_space height=\u00bb15px\u00bb][vc_column_text css=\u00bb\u00bb]<\/p>\n<h5>Especialistas en repuestos para equipos de c\u00f3mputo liviano y servidores de las marcas HP y DELL.<\/h5>\n<p>[\/vc_column_text][vc_column_text css=\u00bb\u00bb]<strong>Mouse, teclados, ups, lectores multitarjeta, bocinas, proyectores, monitores.<\/strong>[\/vc_column_text][vc_empty_space height=\u00bb30px\u00bb][vc_column_text css=\u00bb\u00bb]<strong>Repuestos manejamos stock tanto para equipo de c\u00f3mputo, como tambi\u00e9n para equipo de impresi\u00f3n y servidores, a continuaci\u00f3n listamos los principales que manejamos:<\/strong>[\/vc_column_text][vc_empty_space height=\u00bb15px\u00bb][vc_column_text css=\u00bb\u00bb]<\/p>\n<ul>\n<li>Kit de mantenimiento para impresoras.<\/li>\n<li>Fuentes de poder para servidores y pc.<\/li>\n<li>Mother board para servidores y pc.<\/li>\n<li>Discos duros para servidores y pc.<\/li>\n<li>Memorias ram para servidores y pc.<\/li>\n<\/ul>\n<p>[\/vc_column_text][vc_empty_space height=\u00bb65px\u00bb][vc_column_text css=\u00bb\u00bb]<\/p>\n<h4>Soporte T\u00e9cnico Especializado<\/h4>\n<p>[\/vc_column_text][\/vc_column][vc_column offset=\u00bbvc_col-lg-6 vc_col-md-6&#8243;][vc_single_image image=\u00bb289&#8243; img_size=\u00bbfull\u00bb css=\u00bb\u00bb qode_css_animation=\u00bb\u00bb][vc_empty_space height=\u00bb37px\u00bb][\/vc_column][\/vc_row]<\/p>\n<\/div>","protected":false},"excerpt":{"rendered":"<p>[vc_row css_animation=\u00bb\u00bb row_type=\u00bbrow\u00bb use_row_as_full_screen_section=\u00bbno\u00bb type=\u00bbgrid\u00bb angled_section=\u00bbno\u00bb text_align=\u00bbleft\u00bb background_image_as_pattern=\u00bbwithout_pattern\u00bb css=\u00bb.vc_custom_1765150029204{padding-top: 60px !important;padding-bottom: 20px !important;}\u00bb z_index=\u00bb\u00bb][vc_column offset=\u00bbvc_col-lg-6 vc_col-md-6&#8243;][vc_single_image image=\u00bb263&#8243; img_size=\u00bbfull\u00bb css=\u00bb\u00bb qode_css_animation=\u00bb\u00bb][vc_empty_space height=\u00bb65px\u00bb][\/vc_column][vc_column offset=\u00bbvc_col-lg-6 vc_col-md-6&#8243;][vc_empty_space height=\u00bb65px\u00bb][vc_column_text css=\u00bb\u00bb] SUMIN [\/vc_column_text][vc_empty_space height=\u00bb15px\u00bb][vc_column_text css=\u00bb\u00bb]Sumin es un Distribuidor de Soluciones Inform\u00e1ticas para el Mercado Guatemalteco. Nuestro enfoque en el \u00e1rea de&#8230;<\/p>\n","protected":false},"author":1,"featured_media":0,"parent":0,"menu_order":0,"comment_status":"closed","ping_status":"closed","template":"full_width.php","meta":{"content-type":"","footnotes":""},"class_list":["post-63","page","type-page","status-publish","hentry"],"_links":{"self":[{"href":"https:\/\/sumin.com.gt\/es\/wp-json\/wp\/v2\/pages\/63","targetHints":{"allow":["GET"]}}],"collection":[{"href":"https:\/\/sumin.com.gt\/es\/wp-json\/wp\/v2\/pages"}],"about":[{"href":"https:\/\/sumin.com.gt\/es\/wp-json\/wp\/v2\/types\/page"}],"author":[{"embeddable":true,"href":"https:\/\/sumin.com.gt\/es\/wp-json\/wp\/v2\/users\/1"}],"replies":[{"embeddable":true,"href":"https:\/\/sumin.com.gt\/es\/wp-json\/wp\/v2\/comments?post=63"}],"version-history":[{"count":34,"href":"https:\/\/sumin.com.gt\/es\/wp-json\/wp\/v2\/pages\/63\/revisions"}],"predecessor-version":[{"id":261,"href":"https:\/\/sumin.com.gt\/es\/wp-json\/wp\/v2\/pages\/63\/revisions\/261"}],"wp:attachment":[{"href":"https:\/\/sumin.com.gt\/es\/wp-json\/wp\/v2\/media?parent=63"}],"curies":[{"name":"wp","href":"https:\/\/api.w.org\/{rel}","templated":true}]}}