{"id":307,"date":"2025-12-08T01:59:40","date_gmt":"2025-12-08T01:59:40","guid":{"rendered":"https:\/\/sumin.com.gt\/es\/?post_type=product&#038;p=307"},"modified":"2025-12-08T03:07:47","modified_gmt":"2025-12-08T03:07:47","slug":"plotter-hp-designjet-smart-tank-t908-mfp-sistema-continuo","status":"publish","type":"product","link":"https:\/\/sumin.com.gt\/es\/producto\/plotter-hp-designjet-smart-tank-t908-mfp-sistema-continuo\/","title":{"rendered":"Plotter HP Designjet Smart Tank T908 MFP Sistema Cont\u00ednuo"},"content":{"rendered":"<p align=\"center\"><a class=\"qbutton green default\" href=\"https:\/\/h20195.www2.hp.com\/v2\/GetDocument.aspx?docname=c09056245\" target=\"_blank\" rel=\"noopener\">Ficha T\u00e9cnica<\/a><\/p>\n","protected":false},"excerpt":{"rendered":"<table width=\"736\">\n<tbody>\n<tr>\n<td width=\"153\"><strong>Codigo:<\/strong><\/td>\n<td width=\"583\">2Y9H6A<\/td>\n<\/tr>\n<tr>\n<td><strong>Modelo:<\/strong><\/td>\n<td width=\"583\">Plotter HP Designjet Smart Tank T908 MFP Sistema Continuo<\/td>\n<\/tr>\n<tr>\n<td><strong>Funciones:<\/strong><\/td>\n<td>Escanea, Copia e Imprime<\/td>\n<\/tr>\n<tr>\n<td><strong>Tama\u00f1o:<\/strong><\/td>\n<td>36 pulgadas<\/td>\n<\/tr>\n<tr>\n<td><strong>Velocidad:<\/strong><\/td>\n<td>21 segundos por p\u00e1gina en A1,120 impresiones A1 por hora<\/td>\n<\/tr>\n<tr>\n<td><strong>Resolucion<\/strong><\/td>\n<td>Optimizada hasta 2400 x 1200 dpi<\/td>\n<\/tr>\n<tr>\n<td><strong>Tecnologia:<\/strong><\/td>\n<td width=\"583\">Sheetfed,CIS (sensor de imagen de contacto), sensor de detecci\u00f3n de atasco de soportes, m\u00e9todo de escaneo de carga frontal<\/td>\n<\/tr>\n<tr>\n<td><strong>Conectividad:<\/strong><\/td>\n<td><\/td>\n<\/tr>\n<tr>\n<td><strong>Grosor de Linea:<\/strong><\/td>\n<td>Hasta 0,3 mm<\/td>\n<\/tr>\n<tr>\n<td><strong>Tipos de papel:<\/strong><\/td>\n<td width=\"583\">Papel bond y recubierto (bond,recubierto,recubierto de gramaje extra, normal, blanco brillante, planos), papel t\u00e9cnico (calco natural), pel\u00edcula (transparente, mate), papel fotogr\u00e1fico (ID satinado, ID brillante), autoadhesivo (adhesivo mate\/brillante, adhesivo polipropileno brillante), polipropileno (mate)<\/td>\n<\/tr>\n<tr>\n<td><strong>Cantidad de Tintas:<\/strong><\/td>\n<td>4 (C, M, Y mK) botellas<\/td>\n<\/tr>\n<tr>\n<td><strong>Garantia:<\/strong><\/td>\n<td width=\"583\">Un a\u00f1o de garant\u00eda de hardware limitada. Las opciones de garant\u00eda y soporte var\u00edan seg\u00fan el producto, el pa\u00eds y los requisitos legales locales.<\/td>\n<\/tr>\n<tr>\n<td><strong>Que Incluye la caja:<\/strong><\/td>\n<td width=\"583\">Impresora HP DesignJet Smart Tank T908 MFP, Cabezal de impresi\u00f3n, Botellas de tinta, Soporte para impresora, Eje, gu\u00eda, P\u00f3ster y folleto de garant\u00eda, Cable de alimentaci\u00f3n<\/td>\n<\/tr>\n<\/tbody>\n<\/table>\n","protected":false},"featured_media":327,"comment_status":"open","ping_status":"closed","template":"","meta":{"content-type":""},"product_brand":[],"product_cat":[37],"product_tag":[],"class_list":{"0":"post-307","1":"product","2":"type-product","3":"status-publish","4":"has-post-thumbnail","6":"product_cat-plotter","8":"first","9":"instock","10":"shipping-taxable","11":"purchasable","12":"product-type-simple"},"_links":{"self":[{"href":"https:\/\/sumin.com.gt\/es\/wp-json\/wp\/v2\/product\/307","targetHints":{"allow":["GET"]}}],"collection":[{"href":"https:\/\/sumin.com.gt\/es\/wp-json\/wp\/v2\/product"}],"about":[{"href":"https:\/\/sumin.com.gt\/es\/wp-json\/wp\/v2\/types\/product"}],"replies":[{"embeddable":true,"href":"https:\/\/sumin.com.gt\/es\/wp-json\/wp\/v2\/comments?post=307"}],"wp:featuredmedia":[{"embeddable":true,"href":"https:\/\/sumin.com.gt\/es\/wp-json\/wp\/v2\/media\/327"}],"wp:attachment":[{"href":"https:\/\/sumin.com.gt\/es\/wp-json\/wp\/v2\/media?parent=307"}],"wp:term":[{"taxonomy":"product_brand","embeddable":true,"href":"https:\/\/sumin.com.gt\/es\/wp-json\/wp\/v2\/product_brand?post=307"},{"taxonomy":"product_cat","embeddable":true,"href":"https:\/\/sumin.com.gt\/es\/wp-json\/wp\/v2\/product_cat?post=307"},{"taxonomy":"product_tag","embeddable":true,"href":"https:\/\/sumin.com.gt\/es\/wp-json\/wp\/v2\/product_tag?post=307"}],"curies":[{"name":"wp","href":"https:\/\/api.w.org\/{rel}","templated":true}]}}