{"id":328,"date":"2025-12-08T03:28:11","date_gmt":"2025-12-08T03:28:11","guid":{"rendered":"https:\/\/sumin.com.gt\/es\/?post_type=product&#038;p=328"},"modified":"2025-12-08T03:35:08","modified_gmt":"2025-12-08T03:35:08","slug":"plotter-hp-designjet-t2600dr-de-36","status":"publish","type":"product","link":"https:\/\/sumin.com.gt\/es\/producto\/plotter-hp-designjet-t2600dr-de-36\/","title":{"rendered":"Plotter HP Designjet T2600dr de 36"},"content":{"rendered":"<p align=\"center\"><a class=\"qbutton green default\" href=\"https:\/\/www.hp.com\/ve-es\/products\/large-format-printers\/product-details\/26285336\" target=\"_blank\" rel=\"noopener\">Ficha T\u00e9cnica<\/a><\/p>\n","protected":false},"excerpt":{"rendered":"<table width=\"786\">\n<tbody>\n<tr>\n<td width=\"162\"><strong>Codigo:<\/strong><\/td>\n<td width=\"624\">3EK15A<\/td>\n<\/tr>\n<tr>\n<td><strong>Modelo:<\/strong><\/td>\n<td>PLOTER HP DESIGNJET T2600dr de 36<\/td>\n<\/tr>\n<tr>\n<td><strong>Funciones:<\/strong><\/td>\n<td>Impresi\u00f3n, copia , escaneado<\/td>\n<\/tr>\n<tr>\n<td><strong>Tama\u00f1o:<\/strong><\/td>\n<td>36 pulgadas<\/td>\n<\/tr>\n<tr>\n<td><strong>Velocidad:\u00a0<\/strong><\/td>\n<td>180 A1\/h, 19,3 s\/A1<\/td>\n<\/tr>\n<tr>\n<td><strong>Resolucion:<\/strong><\/td>\n<td>Hasta 600 dpi<\/td>\n<\/tr>\n<tr>\n<td><strong>Tecnologia:<\/strong><\/td>\n<td>HP Thermal Inkjet<\/td>\n<\/tr>\n<tr>\n<td><strong>Conectividad:<\/strong><\/td>\n<td width=\"624\">Gigabit Ethernet (1000Base-T), Wi-Fi (con el accesorio Jetdirect opcional), compatible con las siguientes normas: TCP\/IP, BootP\/DHCP (solo IPv4), DHCPv6, TFTP (solo IPv4), protocolo de gesti\u00f3n de red simple (SNMP) (v1, v2c, v3), compatible con Apple Bonjour, detecci\u00f3n de servicios web, servidor web integrado (HTTP, HTTPS), IPsec, SMTP (correo electr\u00f3nico), impresi\u00f3n Raw IP (9100), LPD, protocolo de impresi\u00f3n de Internet (IPP), impresi\u00f3n de servicios web, NTLM v2, SMBv3, SSL\/TLS, autenticaci\u00f3n 802.1X (LEAP, PEAP, EAP-TLS), DFS<\/td>\n<\/tr>\n<tr>\n<td><strong>Grosor de Linea:<\/strong><\/td>\n<td>Hasta 19m7 mil.<\/td>\n<\/tr>\n<tr>\n<td><strong>Tipos de papel:<\/strong><\/td>\n<td width=\"624\">Papel recubierto y com\u00fan (com\u00fan, recubierto, recubierto de alto gramaje, recubierto de gran gramaje y mate, en colores), papel t\u00e9cnico (calco natural, com\u00fan transl\u00facido, papel vitela), pel\u00edcula (transparente, mate, poli\u00e9ster), papel fotogr\u00e1fico (satinado, brillante, semibrillante, mate, alto brillo), retroiluminado, autoadhesivo (adhesivo en ambos lados, papel para interiores, polipropileno, vinilo)<\/td>\n<\/tr>\n<tr>\n<td><strong>Cantidad de Tintas:<\/strong><\/td>\n<td>6 (C, M, A, G, pK, mK)<\/td>\n<\/tr>\n<tr>\n<td><strong>Garantia:<\/strong><\/td>\n<td>Un a\u00f1o de garant\u00eda limitada para el hardware<\/td>\n<\/tr>\n<tr>\n<td><strong>Que Incluye la caja:<\/strong><\/td>\n<td width=\"624\">Impresora multifunci\u00f3n HP DesignJet T2600, estante de impresora y bandeja de soportes, pantalla t\u00e1ctil de 15,6&#8243;, ejes (2 unidades), cabezales de impresi\u00f3n, cartuchos de tinta inicial, gu\u00eda del usuario, cables de alimentaci\u00f3n<\/td>\n<\/tr>\n<\/tbody>\n<\/table>\n","protected":false},"featured_media":329,"comment_status":"open","ping_status":"closed","template":"","meta":{"content-type":""},"product_brand":[],"product_cat":[37],"product_tag":[],"class_list":{"0":"post-328","1":"product","2":"type-product","3":"status-publish","4":"has-post-thumbnail","6":"product_cat-plotter","8":"first","9":"instock","10":"shipping-taxable","11":"purchasable","12":"product-type-simple"},"_links":{"self":[{"href":"https:\/\/sumin.com.gt\/es\/wp-json\/wp\/v2\/product\/328","targetHints":{"allow":["GET"]}}],"collection":[{"href":"https:\/\/sumin.com.gt\/es\/wp-json\/wp\/v2\/product"}],"about":[{"href":"https:\/\/sumin.com.gt\/es\/wp-json\/wp\/v2\/types\/product"}],"replies":[{"embeddable":true,"href":"https:\/\/sumin.com.gt\/es\/wp-json\/wp\/v2\/comments?post=328"}],"wp:featuredmedia":[{"embeddable":true,"href":"https:\/\/sumin.com.gt\/es\/wp-json\/wp\/v2\/media\/329"}],"wp:attachment":[{"href":"https:\/\/sumin.com.gt\/es\/wp-json\/wp\/v2\/media?parent=328"}],"wp:term":[{"taxonomy":"product_brand","embeddable":true,"href":"https:\/\/sumin.com.gt\/es\/wp-json\/wp\/v2\/product_brand?post=328"},{"taxonomy":"product_cat","embeddable":true,"href":"https:\/\/sumin.com.gt\/es\/wp-json\/wp\/v2\/product_cat?post=328"},{"taxonomy":"product_tag","embeddable":true,"href":"https:\/\/sumin.com.gt\/es\/wp-json\/wp\/v2\/product_tag?post=328"}],"curies":[{"name":"wp","href":"https:\/\/api.w.org\/{rel}","templated":true}]}}