{"id":331,"date":"2025-12-08T04:05:27","date_gmt":"2025-12-08T04:05:27","guid":{"rendered":"https:\/\/sumin.com.gt\/es\/?post_type=product&#038;p=331"},"modified":"2025-12-08T04:11:35","modified_gmt":"2025-12-08T04:11:35","slug":"plotter-hp-t250-de-24","status":"publish","type":"product","link":"https:\/\/sumin.com.gt\/es\/producto\/plotter-hp-t250-de-24\/","title":{"rendered":"Plotter HP T250 de 24"},"content":{"rendered":"<p align=\"center\"><a class=\"qbutton green default\" href=\"https:\/\/www.hp.com\/ec-es\/products\/large-format-printers\/product-details\/33508837\" target=\"_blank\" rel=\"noopener\">Ficha T\u00e9cnica<\/a><\/p>\n","protected":false},"excerpt":{"rendered":"<table width=\"721\">\n<tbody>\n<tr>\n<td width=\"157\"><strong>Codigo:<\/strong><\/td>\n<td width=\"564\">5HB06A<\/td>\n<\/tr>\n<tr>\n<td><strong>Modelo:<\/strong><\/td>\n<td>PLOTER HP T250 DE 24<\/td>\n<\/tr>\n<tr>\n<td><strong>Funciones:<\/strong><\/td>\n<td>Solo Iprime<\/td>\n<\/tr>\n<tr>\n<td><strong>Tama\u00f1o:<\/strong><\/td>\n<td>24 Pulgadas<\/td>\n<\/tr>\n<tr>\n<td><strong>Velocidad:<\/strong><\/td>\n<td>30 segundos por p\u00e1gina en A1, 76 impresiones A1 por hora<\/td>\n<\/tr>\n<tr>\n<td><strong>Resolucion:<\/strong><\/td>\n<td>Optimizada hasta 2400 x 1200 dpi<\/td>\n<\/tr>\n<tr>\n<td><strong>Tecnologia:<\/strong><\/td>\n<td>HP Thermal Inkjet<\/td>\n<\/tr>\n<tr>\n<td><strong>Conectividad:<\/strong><\/td>\n<td>Gigabit Ethernet (1000Base-T), USB 2.0 de alta velocidad, Wi-Fi 802.11a\/b\/g\/n, Wi-Fi Direct<\/td>\n<\/tr>\n<tr>\n<td><strong>Grosor de Linea:<\/strong><\/td>\n<td>Hasta 0,3 mm<\/td>\n<\/tr>\n<tr>\n<td><strong>Tipos de papel:<\/strong><\/td>\n<td width=\"564\">Papel bond HP Universal (con certificaci\u00f3n FSC\u00ae) 4 (reciclable) 5; papel recubierto HP (con certificaci\u00f3n FSC\u00ae) 4 (reciclable) 5; papel recubierto de gramaje extra HP (con certificaci\u00f3n FSC\u00ae) 4 (reciclable) 5<\/td>\n<\/tr>\n<tr>\n<td><strong>Cantidad de Tintas:<\/strong><\/td>\n<td>4 (C, M, Y, K)<\/td>\n<\/tr>\n<tr>\n<td><strong>Garantia:<\/strong><\/td>\n<td>Un a\u00f1o de garant\u00eda limitada para el hardware<\/td>\n<\/tr>\n<tr>\n<td><strong>Que Incluye la caja:<\/strong><\/td>\n<td width=\"564\">Impresora HP DesignJet T250 de 24&#8243;, cabezal de impresi\u00f3n, cartuchos de tinta iniciales, eje, gu\u00eda de referencia r\u00e1pida, p\u00f3ster de instalaci\u00f3n, cable de alimentaci\u00f3n<\/td>\n<\/tr>\n<\/tbody>\n<\/table>\n","protected":false},"featured_media":332,"comment_status":"open","ping_status":"closed","template":"","meta":{"content-type":""},"product_brand":[],"product_cat":[37],"product_tag":[],"class_list":{"0":"post-331","1":"product","2":"type-product","3":"status-publish","4":"has-post-thumbnail","6":"product_cat-plotter","8":"first","9":"instock","10":"shipping-taxable","11":"purchasable","12":"product-type-simple"},"_links":{"self":[{"href":"https:\/\/sumin.com.gt\/es\/wp-json\/wp\/v2\/product\/331","targetHints":{"allow":["GET"]}}],"collection":[{"href":"https:\/\/sumin.com.gt\/es\/wp-json\/wp\/v2\/product"}],"about":[{"href":"https:\/\/sumin.com.gt\/es\/wp-json\/wp\/v2\/types\/product"}],"replies":[{"embeddable":true,"href":"https:\/\/sumin.com.gt\/es\/wp-json\/wp\/v2\/comments?post=331"}],"wp:featuredmedia":[{"embeddable":true,"href":"https:\/\/sumin.com.gt\/es\/wp-json\/wp\/v2\/media\/332"}],"wp:attachment":[{"href":"https:\/\/sumin.com.gt\/es\/wp-json\/wp\/v2\/media?parent=331"}],"wp:term":[{"taxonomy":"product_brand","embeddable":true,"href":"https:\/\/sumin.com.gt\/es\/wp-json\/wp\/v2\/product_brand?post=331"},{"taxonomy":"product_cat","embeddable":true,"href":"https:\/\/sumin.com.gt\/es\/wp-json\/wp\/v2\/product_cat?post=331"},{"taxonomy":"product_tag","embeddable":true,"href":"https:\/\/sumin.com.gt\/es\/wp-json\/wp\/v2\/product_tag?post=331"}],"curies":[{"name":"wp","href":"https:\/\/api.w.org\/{rel}","templated":true}]}}