{"id":334,"date":"2025-12-08T04:13:01","date_gmt":"2025-12-08T04:13:01","guid":{"rendered":"https:\/\/sumin.com.gt\/es\/?post_type=product&#038;p=334"},"modified":"2025-12-08T04:19:42","modified_gmt":"2025-12-08T04:19:42","slug":"plotter-hp-t650-de-24","status":"publish","type":"product","link":"https:\/\/sumin.com.gt\/es\/producto\/plotter-hp-t650-de-24\/","title":{"rendered":"Plotter HP T650 de 24"},"content":{"rendered":"<p align=\"center\"><a class=\"qbutton green default\" href=\"https:\/\/www.hp.com\/pe-es\/shop\/hp-designjet-t650-24-a1-impresora-plotter-de-gran-formato-5hb08a.html\" target=\"_blank\" rel=\"noopener\">Ficha T\u00e9cnica<\/a><\/p>\n","protected":false},"excerpt":{"rendered":"<table width=\"773\">\n<tbody>\n<tr>\n<td width=\"161\"><strong>Codigo:<\/strong><\/td>\n<td width=\"612\">5HB08A<\/td>\n<\/tr>\n<tr>\n<td><strong>Modelo:<\/strong><\/td>\n<td>PLOTER HP T650 DE 24<\/td>\n<\/tr>\n<tr>\n<td><strong>Funciones:<\/strong><\/td>\n<td>Impresi\u00f3n<\/td>\n<\/tr>\n<tr>\n<td><strong>Tama\u00f1o:<\/strong><\/td>\n<td>24 Pulgadas<\/td>\n<\/tr>\n<tr>\n<td><strong>Velocidad:\u00a0<\/strong><\/td>\n<td>26 segundos por p\u00e1gina en A1, 81 impresiones A1 por hora[1]<\/td>\n<\/tr>\n<tr>\n<td><strong>Resolucion:<\/strong><\/td>\n<td>Optimizada hasta 2400 x 1200 dpi<\/td>\n<\/tr>\n<tr>\n<td><strong>Tecnologia:<\/strong><\/td>\n<td>Inyecci\u00f3n t\u00e9rmica de tinta HP<\/td>\n<\/tr>\n<tr>\n<td><strong>Conectividad:<\/strong><\/td>\n<td>Gigabit Ethernet (1000Base-T), USB 2.0 de alta velocidad, Wi-Fi 802.11a\/b\/g\/n, Wi-Fi Direct<\/td>\n<\/tr>\n<tr>\n<td><strong>Grosor de Linea:<\/strong><\/td>\n<td>Hasta 11,8 mil<\/td>\n<\/tr>\n<tr>\n<td><strong>Tipos de papel:<\/strong><\/td>\n<td width=\"612\">Papel bond y recubierto (bond, recubierto, recubierto de gramaje extra, normal, blanco brillante, plano), papel t\u00e9cnico (calco natural), pel\u00edcula (transparente, mate), papel fotogr\u00e1fico (satinado, brillante, semibrillante, polipropileno), autoadhesivo (adhesivo, polipropileno)<\/td>\n<\/tr>\n<tr>\n<td><strong>Cantidad de Tintas:<\/strong><\/td>\n<td>4 (C, M, Y, K)<\/td>\n<\/tr>\n<tr>\n<td><strong>Garantia:<\/strong><\/td>\n<td>\nUn a\u00f1o de garant\u00eda limitada para el hardware<\/td>\n<\/tr>\n<tr>\n<td><strong>Que Incluye la caja:<\/strong><\/td>\n<td width=\"612\">Impresora HP DesignJet T650 de 24&#8243;, soporte de impresora, alimentador autom\u00e1tico de hojas, cubierta de rollo, cabezal de impresi\u00f3n, cartuchos de tinta iniciales, eje, gu\u00eda de referencia r\u00e1pida, p\u00f3ster de instalaci\u00f3n, cable de alimentaci\u00f3n. Algunas impresoras HP usan consumibles de instalaci\u00f3n. Los cartuchos de instalaci\u00f3n est\u00e1n dise\u00f1ados para el primer uso y cuentan con un rendimiento diferente a los de reemplazo. Consulte http:\/\/www.hp.com\/go\/learnaboutsupplies<\/td>\n<\/tr>\n<\/tbody>\n<\/table>\n","protected":false},"featured_media":335,"comment_status":"open","ping_status":"closed","template":"","meta":{"content-type":""},"product_brand":[],"product_cat":[37],"product_tag":[],"class_list":{"0":"post-334","1":"product","2":"type-product","3":"status-publish","4":"has-post-thumbnail","6":"product_cat-plotter","8":"first","9":"instock","10":"shipping-taxable","11":"purchasable","12":"product-type-simple"},"_links":{"self":[{"href":"https:\/\/sumin.com.gt\/es\/wp-json\/wp\/v2\/product\/334","targetHints":{"allow":["GET"]}}],"collection":[{"href":"https:\/\/sumin.com.gt\/es\/wp-json\/wp\/v2\/product"}],"about":[{"href":"https:\/\/sumin.com.gt\/es\/wp-json\/wp\/v2\/types\/product"}],"replies":[{"embeddable":true,"href":"https:\/\/sumin.com.gt\/es\/wp-json\/wp\/v2\/comments?post=334"}],"wp:featuredmedia":[{"embeddable":true,"href":"https:\/\/sumin.com.gt\/es\/wp-json\/wp\/v2\/media\/335"}],"wp:attachment":[{"href":"https:\/\/sumin.com.gt\/es\/wp-json\/wp\/v2\/media?parent=334"}],"wp:term":[{"taxonomy":"product_brand","embeddable":true,"href":"https:\/\/sumin.com.gt\/es\/wp-json\/wp\/v2\/product_brand?post=334"},{"taxonomy":"product_cat","embeddable":true,"href":"https:\/\/sumin.com.gt\/es\/wp-json\/wp\/v2\/product_cat?post=334"},{"taxonomy":"product_tag","embeddable":true,"href":"https:\/\/sumin.com.gt\/es\/wp-json\/wp\/v2\/product_tag?post=334"}],"curies":[{"name":"wp","href":"https:\/\/api.w.org\/{rel}","templated":true}]}}