{"id":337,"date":"2025-12-08T04:20:26","date_gmt":"2025-12-08T04:20:26","guid":{"rendered":"https:\/\/sumin.com.gt\/es\/?post_type=product&#038;p=337"},"modified":"2025-12-08T19:16:29","modified_gmt":"2025-12-08T19:16:29","slug":"plotter-hp-designjet-t650-large-format-wireless-printer-36","status":"publish","type":"product","link":"https:\/\/sumin.com.gt\/es\/producto\/plotter-hp-designjet-t650-large-format-wireless-printer-36\/","title":{"rendered":"Plotter HP DesignJet T650 Large Format Wireless Printer 36"},"content":{"rendered":"<p align=\"center\"><a class=\"qbutton green default\" href=\"https:\/\/www.hp.com\/pe-es\/shop\/hp-designjet-t650-36-a0-impresora-plotter-de-gran-formato-5hb10a.html\" target=\"_blank\" rel=\"noopener\">Ficha T\u00e9cnica<\/a><\/p>\n","protected":false},"excerpt":{"rendered":"<table width=\"539\">\n<tbody>\n<tr>\n<td width=\"160\"><strong>Codigo:<\/strong><\/td>\n<td width=\"379\">5HB10A<\/td>\n<\/tr>\n<tr>\n<td><strong>Modelo:<\/strong><\/td>\n<td>Plotter HP DesignJet T650 Large Format Wireless Printer\u00a0 36<\/td>\n<\/tr>\n<tr>\n<td><strong>Funciones:<\/strong><\/td>\n<td width=\"379\">Impresi\u00f3n<\/td>\n<\/tr>\n<tr>\n<td><strong>Tama\u00f1o:<\/strong><\/td>\n<td>36 Pulgadas<\/td>\n<\/tr>\n<tr>\n<td><strong>Velocidad:<\/strong><\/td>\n<td>25 segundos por p\u00e1gina en A1, 82 impresiones A1 por hora[1]<\/td>\n<\/tr>\n<tr>\n<td><strong>Resolucion:<\/strong><\/td>\n<td>Optimizada hasta 2400 x 1200 dpi<\/td>\n<\/tr>\n<tr>\n<td><strong>Tecnologia:<\/strong><\/td>\n<td width=\"379\">HP Thermal Inkjet<\/td>\n<\/tr>\n<tr>\n<td><strong>Conectividad:<\/strong><\/td>\n<td width=\"379\">Gigabit Ethernet (1000Base-T), USB 2.0 de alta velocidad, Wi-Fi 802.11a\/b\/g\/n, Wi-Fi Direc<\/td>\n<\/tr>\n<tr>\n<td><strong>Grosor de Linea:<\/strong><\/td>\n<td width=\"379\">0,02 mm<\/td>\n<\/tr>\n<tr>\n<td><strong>Tipos de papel:<\/strong><\/td>\n<td width=\"379\">Papel bond y recubierto (bond, recubierto, recubierto de gramaje extra, normal, blanco brillante, plano), papel t\u00e9cnico (calco natural), pel\u00edcula (transparente, mate), papel fotogr\u00e1fico (satinado, brillante, semibrillante, polipropileno), autoadhesivo (adhesivo, polipropileno)<\/td>\n<\/tr>\n<tr>\n<td><strong>Cantidad de Tintas:<\/strong><\/td>\n<td>4 (C, M, Y, K)<\/td>\n<\/tr>\n<tr>\n<td><strong>Garantia:<\/strong><\/td>\n<td>Un a\u00f1o de garant\u00eda limitada para el hardware<\/td>\n<\/tr>\n<tr>\n<td><strong>Que Incluye la caja:<\/strong><\/td>\n<td width=\"379\">Impresora HP DesignJet T650 de 36&#8243;, soporte de impresora, alimentador autom\u00e1tico de hojas, cubierta de rollo, cabezal de impresi\u00f3n, cartuchos de tinta iniciales, eje, gu\u00eda de referencia r\u00e1pida, p\u00f3ster de instalaci\u00f3n, cable de alimentaci\u00f3n. Algunas impresoras HP usan consumibles de instalaci\u00f3n. Los cartuchos de instalaci\u00f3n est\u00e1n dise\u00f1ados para el primer uso y cuentan con un rendimiento diferente a los de reemplazo. Consulte http:\/\/www.hp.com\/go\/learnaboutsupplies<\/td>\n<\/tr>\n<\/tbody>\n<\/table>\n","protected":false},"featured_media":338,"comment_status":"open","ping_status":"closed","template":"","meta":{"content-type":""},"product_brand":[],"product_cat":[37],"product_tag":[],"class_list":{"0":"post-337","1":"product","2":"type-product","3":"status-publish","4":"has-post-thumbnail","6":"product_cat-plotter","8":"first","9":"instock","10":"shipping-taxable","11":"purchasable","12":"product-type-simple"},"_links":{"self":[{"href":"https:\/\/sumin.com.gt\/es\/wp-json\/wp\/v2\/product\/337","targetHints":{"allow":["GET"]}}],"collection":[{"href":"https:\/\/sumin.com.gt\/es\/wp-json\/wp\/v2\/product"}],"about":[{"href":"https:\/\/sumin.com.gt\/es\/wp-json\/wp\/v2\/types\/product"}],"replies":[{"embeddable":true,"href":"https:\/\/sumin.com.gt\/es\/wp-json\/wp\/v2\/comments?post=337"}],"wp:featuredmedia":[{"embeddable":true,"href":"https:\/\/sumin.com.gt\/es\/wp-json\/wp\/v2\/media\/338"}],"wp:attachment":[{"href":"https:\/\/sumin.com.gt\/es\/wp-json\/wp\/v2\/media?parent=337"}],"wp:term":[{"taxonomy":"product_brand","embeddable":true,"href":"https:\/\/sumin.com.gt\/es\/wp-json\/wp\/v2\/product_brand?post=337"},{"taxonomy":"product_cat","embeddable":true,"href":"https:\/\/sumin.com.gt\/es\/wp-json\/wp\/v2\/product_cat?post=337"},{"taxonomy":"product_tag","embeddable":true,"href":"https:\/\/sumin.com.gt\/es\/wp-json\/wp\/v2\/product_tag?post=337"}],"curies":[{"name":"wp","href":"https:\/\/api.w.org\/{rel}","templated":true}]}}