{"id":366,"date":"2025-12-09T05:55:41","date_gmt":"2025-12-09T05:55:41","guid":{"rendered":"https:\/\/sumin.com.gt\/es\/?post_type=product&#038;p=366"},"modified":"2025-12-09T06:01:53","modified_gmt":"2025-12-09T06:01:53","slug":"plotter-hp-t210-de-24","status":"publish","type":"product","link":"https:\/\/sumin.com.gt\/es\/producto\/plotter-hp-t210-de-24\/","title":{"rendered":"Plotter HP T210 de 24"},"content":{"rendered":"<p align=\"center\"><a class=\"qbutton green default\" href=\"https:\/\/www.hp.com\/cl-es\/shop\/hp-designjet-t210-24-a1-impresora-plotter-de-gran-formato-8ag32a.html\" target=\"_blank\" rel=\"noopener\">Ficha T\u00e9cnica<\/a><\/p>\n","protected":false},"excerpt":{"rendered":"<table width=\"755\">\n<tbody>\n<tr>\n<td width=\"159\"><strong>Codigo:<\/strong><\/td>\n<td width=\"596\">8AG32A<\/td>\n<\/tr>\n<tr>\n<td><strong>Modelo:<\/strong><\/td>\n<td>PLOTER HP T210 DE 24<\/td>\n<\/tr>\n<tr>\n<td><strong>Funciones:<\/strong><\/td>\n<td>Impresi\u00f3n<\/td>\n<\/tr>\n<tr>\n<td><strong>Tama\u00f1o:<\/strong><\/td>\n<td>24 Pulgadas<\/td>\n<\/tr>\n<tr>\n<td><strong>Velocidad:\u00a0<\/strong><\/td>\n<td>45 segundos por p\u00e1gina en A1, 59 impresiones A1 por hora[1]<\/td>\n<\/tr>\n<tr>\n<td><strong>Resolucion:<\/strong><\/td>\n<td>Optimizada hasta 2400 x 1200 dpi.<\/td>\n<\/tr>\n<tr>\n<td><strong>Tecnologia:<\/strong><\/td>\n<td>HP Thermal Inkjet<\/td>\n<\/tr>\n<tr>\n<td><strong>Conectividad:<\/strong><\/td>\n<td>Gigabit Ethernet (1000Base-T), USB de alta velocidad 2.0, Wi-Fi 802.11<\/td>\n<\/tr>\n<tr>\n<td><strong>Grosor de Linea:<\/strong><\/td>\n<td>0,02 mm<\/td>\n<\/tr>\n<tr>\n<td><strong>Tipos de papel:<\/strong><\/td>\n<td width=\"596\">Papel bond y recubierto (bond, recubierto, recubierto de gramaje extra, reciclado, normal, blanco brillante, plano), papel t\u00e9cnico (calco natural), pel\u00edcula (transparente, mate), papel fotogr\u00e1fico (satinado, brillante, semibrillante, polipropileno), autoadhesivo (adhesivo, polipropileno)<\/td>\n<\/tr>\n<tr>\n<td><strong>Cantidad de Tintas:<\/strong><\/td>\n<td>4 (C, M, Y, K)<\/td>\n<\/tr>\n<tr>\n<td><strong>Garantia:<\/strong><\/td>\n<td>Un a\u00f1o de garant\u00eda limitada para el hardware<\/td>\n<\/tr>\n<tr>\n<td><strong>Que Incluye la caja:<\/strong><\/td>\n<td width=\"596\">Algunas impresoras HP usan consumibles de instalaci\u00f3n. Los cartuchos de instalaci\u00f3n est\u00e1n dise\u00f1ados para el primer uso y cuentan con un rendimiento diferente a los de reemplazo. Consulte http:\/\/www.hp.com\/go\/learnaboutsupplies<\/td>\n<\/tr>\n<\/tbody>\n<\/table>\n","protected":false},"featured_media":367,"comment_status":"open","ping_status":"closed","template":"","meta":{"content-type":""},"product_brand":[],"product_cat":[37],"product_tag":[],"class_list":{"0":"post-366","1":"product","2":"type-product","3":"status-publish","4":"has-post-thumbnail","6":"product_cat-plotter","8":"first","9":"instock","10":"shipping-taxable","11":"purchasable","12":"product-type-simple"},"_links":{"self":[{"href":"https:\/\/sumin.com.gt\/es\/wp-json\/wp\/v2\/product\/366","targetHints":{"allow":["GET"]}}],"collection":[{"href":"https:\/\/sumin.com.gt\/es\/wp-json\/wp\/v2\/product"}],"about":[{"href":"https:\/\/sumin.com.gt\/es\/wp-json\/wp\/v2\/types\/product"}],"replies":[{"embeddable":true,"href":"https:\/\/sumin.com.gt\/es\/wp-json\/wp\/v2\/comments?post=366"}],"wp:featuredmedia":[{"embeddable":true,"href":"https:\/\/sumin.com.gt\/es\/wp-json\/wp\/v2\/media\/367"}],"wp:attachment":[{"href":"https:\/\/sumin.com.gt\/es\/wp-json\/wp\/v2\/media?parent=366"}],"wp:term":[{"taxonomy":"product_brand","embeddable":true,"href":"https:\/\/sumin.com.gt\/es\/wp-json\/wp\/v2\/product_brand?post=366"},{"taxonomy":"product_cat","embeddable":true,"href":"https:\/\/sumin.com.gt\/es\/wp-json\/wp\/v2\/product_cat?post=366"},{"taxonomy":"product_tag","embeddable":true,"href":"https:\/\/sumin.com.gt\/es\/wp-json\/wp\/v2\/product_tag?post=366"}],"curies":[{"name":"wp","href":"https:\/\/api.w.org\/{rel}","templated":true}]}}