{"id":369,"date":"2025-12-09T06:03:09","date_gmt":"2025-12-09T06:03:09","guid":{"rendered":"https:\/\/sumin.com.gt\/es\/?post_type=product&#038;p=369"},"modified":"2025-12-09T06:12:15","modified_gmt":"2025-12-09T06:12:15","slug":"impresora-multifuncional-hp-designjet-t950-de-36","status":"publish","type":"product","link":"https:\/\/sumin.com.gt\/es\/producto\/impresora-multifuncional-hp-designjet-t950-de-36\/","title":{"rendered":"Impresora Multifuncional HP DesignJet T950 de 36"},"content":{"rendered":"<p align=\"center\"><a class=\"qbutton green default\" href=\"https:\/\/www.hp.com\/uy-es\/products\/large-format-printers\/product-details\/2100456045\" target=\"_blank\" rel=\"noopener\">Ficha T\u00e9cnica<\/a><\/p>\n","protected":false},"excerpt":{"rendered":"<table width=\"764\">\n<tbody>\n<tr>\n<td width=\"161\"><strong>Codigo:<\/strong><\/td>\n<td width=\"603\">2Y9H3A<\/td>\n<\/tr>\n<tr>\n<td><strong>Modelo:<\/strong><\/td>\n<td>Impresora multifuncional HP DesignJet T950 de 36 pulgadas<\/td>\n<\/tr>\n<tr>\n<td><strong>Funciones:<\/strong><\/td>\n<td>\nImpresi\u00f3n, copia , escaneado<\/td>\n<\/tr>\n<tr>\n<td><strong>Tama\u00f1o:<\/strong><\/td>\n<td>36 Pulgadas<\/td>\n<\/tr>\n<tr>\n<td><strong>Velocidad:<\/strong><\/td>\n<td>21 segundos por p\u00e1gina en A1, 120 impresiones A1 por hora 1<\/td>\n<\/tr>\n<tr>\n<td><strong>Resolucion:<\/strong><\/td>\n<td>Optimizada hasta 2400 x 1200 dpi<\/td>\n<\/tr>\n<tr>\n<td><strong>Tecnologia:<\/strong><\/td>\n<td width=\"603\">HP Thermal Inkjet<\/td>\n<\/tr>\n<tr>\n<td><strong>Conectividad:<\/strong><\/td>\n<td width=\"603\">Gigabit Ethernet (1000Base-T), Wi-Fi 802.11b\/g\/n<\/td>\n<\/tr>\n<tr>\n<td><strong>Grosor de Linea:<\/strong><\/td>\n<td>0,02 mm (mediante driver de raster)<\/td>\n<\/tr>\n<tr>\n<td><strong>Tipos de papel:<\/strong><\/td>\n<td width=\"603\">Papel bond HP Universal (con certificaci\u00f3n FSC\u00ae) 4 (reciclable) 3; Papel recubierto HP (certificaci\u00f3n FSC\u00ae) 4 (reciclable) 3; Papel recubierto de gramaje extra HP (con certificaci\u00f3n FSC\u00ae) 4 (reciclable) 3; Tejido adhesivo extra\u00edble HP reciclado 5 (conforme a REACH) 6; Pancartas de tejido opaco HP (conforme a REACH) 6; Lienzo mate de producci\u00f3n HP (conforme con REACH) 6; Papel fotogr\u00e1fico brillante de secado instant\u00e1neo HP Universal (conforme a REACH, certificado FSC\u00ae) 4 6; Papel fotogr\u00e1fico satinado de secado instant\u00e1neo HP Universal (conforme a REACH, certificado FSC\u00ae) 4 6; Material de polipropileno mate HP Everyday (conforme a REACH) 6<\/td>\n<\/tr>\n<tr>\n<td><strong>Cantidad de Tintas:<\/strong><\/td>\n<td>4\u00a0 (C, M, Y, mK)<\/td>\n<\/tr>\n<tr>\n<td><strong>Garantia:<\/strong><\/td>\n<td width=\"603\">Un a\u00f1o de garant\u00eda de hardware limitada. Las opciones de garant\u00eda y soporte var\u00edan seg\u00fan el producto, el pa\u00eds y los requisitos legales locales.<\/td>\n<\/tr>\n<tr>\n<td><strong>Que Incluye la caja:<\/strong><\/td>\n<td width=\"603\">Impresora multifuncional HP DesignJet T950, cabezal de impresi\u00f3n, cartuchos de tinta introductorios, soporte para impresora, eje, gu\u00eda, folleto de garant\u00eda, cable de alimentaci\u00f3n<\/td>\n<\/tr>\n<\/tbody>\n<\/table>\n","protected":false},"featured_media":371,"comment_status":"open","ping_status":"closed","template":"","meta":{"content-type":""},"product_brand":[],"product_cat":[41],"product_tag":[],"class_list":{"0":"post-369","1":"product","2":"type-product","3":"status-publish","4":"has-post-thumbnail","6":"product_cat-impresoras-laser","8":"first","9":"instock","10":"shipping-taxable","11":"purchasable","12":"product-type-simple"},"_links":{"self":[{"href":"https:\/\/sumin.com.gt\/es\/wp-json\/wp\/v2\/product\/369","targetHints":{"allow":["GET"]}}],"collection":[{"href":"https:\/\/sumin.com.gt\/es\/wp-json\/wp\/v2\/product"}],"about":[{"href":"https:\/\/sumin.com.gt\/es\/wp-json\/wp\/v2\/types\/product"}],"replies":[{"embeddable":true,"href":"https:\/\/sumin.com.gt\/es\/wp-json\/wp\/v2\/comments?post=369"}],"wp:featuredmedia":[{"embeddable":true,"href":"https:\/\/sumin.com.gt\/es\/wp-json\/wp\/v2\/media\/371"}],"wp:attachment":[{"href":"https:\/\/sumin.com.gt\/es\/wp-json\/wp\/v2\/media?parent=369"}],"wp:term":[{"taxonomy":"product_brand","embeddable":true,"href":"https:\/\/sumin.com.gt\/es\/wp-json\/wp\/v2\/product_brand?post=369"},{"taxonomy":"product_cat","embeddable":true,"href":"https:\/\/sumin.com.gt\/es\/wp-json\/wp\/v2\/product_cat?post=369"},{"taxonomy":"product_tag","embeddable":true,"href":"https:\/\/sumin.com.gt\/es\/wp-json\/wp\/v2\/product_tag?post=369"}],"curies":[{"name":"wp","href":"https:\/\/api.w.org\/{rel}","templated":true}]}}