{"id":380,"date":"2025-12-09T06:30:34","date_gmt":"2025-12-09T06:30:34","guid":{"rendered":"https:\/\/sumin.com.gt\/es\/?post_type=product&#038;p=380"},"modified":"2025-12-09T06:38:20","modified_gmt":"2025-12-09T06:38:20","slug":"plotter-hp-t830-de-24","status":"publish","type":"product","link":"https:\/\/sumin.com.gt\/es\/producto\/plotter-hp-t830-de-24\/","title":{"rendered":"Plotter HP T830 de 24"},"content":{"rendered":"<p align=\"center\"><a class=\"qbutton green default\" href=\"https:\/\/www.hp.com\/es-es\/shop\/product.aspx?id=f9a28d&amp;opt=b19&amp;sel=prn\" target=\"_blank\" rel=\"noopener\">Ficha T\u00e9cnica<\/a><\/p>\n","protected":false},"excerpt":{"rendered":"<table width=\"763\">\n<tbody>\n<tr>\n<td width=\"163\"><strong>Codigo:<\/strong><\/td>\n<td width=\"600\">F9A28D<\/td>\n<\/tr>\n<tr>\n<td><strong>Modelo:<\/strong><\/td>\n<td>PLOTER HP T830 DE 24<\/td>\n<\/tr>\n<tr>\n<td><strong>Funciones:<\/strong><\/td>\n<td>\nImpresi\u00f3n, copia, esc\u00e1ner<\/td>\n<\/tr>\n<tr>\n<td><strong>Tama\u00f1o:<\/strong><\/td>\n<td>24 Pulgadas<\/td>\n<\/tr>\n<tr>\n<td><strong>Velocidad:\u00a0<\/strong><\/td>\n<td>26 s\/p\u00e1gina en A1, 81 impresiones A1 por hora[1]<\/td>\n<\/tr>\n<tr>\n<td><strong>Resolucion:<\/strong><\/td>\n<td>Resoluci\u00f3n optimizada de hasta 2400 x 1.200 ppp<\/td>\n<\/tr>\n<tr>\n<td><strong>Tecnologia:<\/strong><\/td>\n<td>Inyecci\u00f3n de tinta t\u00e9rmica HP<\/td>\n<\/tr>\n<tr>\n<td><strong>Conectividad:<\/strong><\/td>\n<td>Adaptador LAN de USB 3.0 a Gigabit HP<\/td>\n<\/tr>\n<tr>\n<td><strong>Grosor de Linea:<\/strong><\/td>\n<td>0,02 mm (HP-GL\/2 direccionable)<\/td>\n<\/tr>\n<tr>\n<td><strong>Tipos de papel:<\/strong><\/td>\n<td width=\"600\">Papel bond y recubierto (bond, recubierto o recubierto de gramaje extra, reciclado, normal, blanco brillante), documento t\u00e9cnico (calco natural, vitela), la pel\u00edcula (claro, mate), papel fotogr\u00e1fico (satinada,, semigloss, premium, polipropileno), autoadhesivos (adhesivo, polipropileno)<\/td>\n<\/tr>\n<tr>\n<td><strong>Cantidad de Tintas:<\/strong><\/td>\n<td>4 (C, M, Y, mK)<\/td>\n<\/tr>\n<tr>\n<td><strong>Garantia:<\/strong><\/td>\n<td width=\"600\">Un a\u00f1o de garant\u00eda limitada. Las opciones de garant\u00eda y soporte var\u00edan seg\u00fan el producto, el pa\u00eds y los requisitos legales.<\/td>\n<\/tr>\n<tr>\n<td><strong>Que Incluye la caja:<\/strong><\/td>\n<td width=\"600\">Impresora multifunci\u00f3n HP DesignJet T830 de 24 pulgadas, cabezal de impresi\u00f3n, cartuchos de tinta, base de la impresora, eje, gu\u00eda de referencia r\u00e1pida, p\u00f3ster de configuraci\u00f3n, software de arranque, cable de alimentaci\u00f3n, mecanismos antirretorno<\/td>\n<\/tr>\n<\/tbody>\n<\/table>\n","protected":false},"featured_media":381,"comment_status":"open","ping_status":"closed","template":"","meta":{"content-type":""},"product_brand":[],"product_cat":[37],"product_tag":[],"class_list":{"0":"post-380","1":"product","2":"type-product","3":"status-publish","4":"has-post-thumbnail","6":"product_cat-plotter","8":"first","9":"instock","10":"shipping-taxable","11":"purchasable","12":"product-type-simple"},"_links":{"self":[{"href":"https:\/\/sumin.com.gt\/es\/wp-json\/wp\/v2\/product\/380","targetHints":{"allow":["GET"]}}],"collection":[{"href":"https:\/\/sumin.com.gt\/es\/wp-json\/wp\/v2\/product"}],"about":[{"href":"https:\/\/sumin.com.gt\/es\/wp-json\/wp\/v2\/types\/product"}],"replies":[{"embeddable":true,"href":"https:\/\/sumin.com.gt\/es\/wp-json\/wp\/v2\/comments?post=380"}],"wp:featuredmedia":[{"embeddable":true,"href":"https:\/\/sumin.com.gt\/es\/wp-json\/wp\/v2\/media\/381"}],"wp:attachment":[{"href":"https:\/\/sumin.com.gt\/es\/wp-json\/wp\/v2\/media?parent=380"}],"wp:term":[{"taxonomy":"product_brand","embeddable":true,"href":"https:\/\/sumin.com.gt\/es\/wp-json\/wp\/v2\/product_brand?post=380"},{"taxonomy":"product_cat","embeddable":true,"href":"https:\/\/sumin.com.gt\/es\/wp-json\/wp\/v2\/product_cat?post=380"},{"taxonomy":"product_tag","embeddable":true,"href":"https:\/\/sumin.com.gt\/es\/wp-json\/wp\/v2\/product_tag?post=380"}],"curies":[{"name":"wp","href":"https:\/\/api.w.org\/{rel}","templated":true}]}}