{"id":383,"date":"2025-12-09T06:39:21","date_gmt":"2025-12-09T06:39:21","guid":{"rendered":"https:\/\/sumin.com.gt\/es\/?post_type=product&#038;p=383"},"modified":"2025-12-09T06:44:04","modified_gmt":"2025-12-09T06:44:04","slug":"plotter-hp-z6-de-24","status":"publish","type":"product","link":"https:\/\/sumin.com.gt\/es\/producto\/plotter-hp-z6-de-24\/","title":{"rendered":"Plotter HP Z6 de 24"},"content":{"rendered":"<p align=\"center\"><a class=\"qbutton green default\" href=\"https:\/\/www.hp.com\/ec-es\/products\/large-format-printers\/product-details\/product-specifications\/21158680\" target=\"_blank\" rel=\"noopener\">Ficha T\u00e9cnica<\/a><\/p>\n","protected":false},"excerpt":{"rendered":"<table width=\"717\">\n<tbody>\n<tr>\n<td width=\"159\"><strong>Codigo:<\/strong><\/td>\n<td width=\"558\">T8W15A<\/td>\n<\/tr>\n<tr>\n<td><strong>Modelo:<\/strong><\/td>\n<td>PLOTER HP Z6 DE 24&#8243;<\/td>\n<\/tr>\n<tr>\n<td><strong>Funciones:<\/strong><\/td>\n<td>Impresi\u00f3n<\/td>\n<\/tr>\n<tr>\n<td><strong>Tama\u00f1o:<\/strong><\/td>\n<td>24 Pulgadas<\/td>\n<\/tr>\n<tr>\n<td><strong>Velocidad:\u00a0<\/strong><\/td>\n<td width=\"558\">R\u00e1pido: 66,9 m\u00b2\/h en soportes normales; Normal: 15,2 m\u00b2\/h en soportes recubiertos; Mejor: 7,9 m\u00b2\/h en soportes brillantes 1<\/td>\n<\/tr>\n<tr>\n<td><strong>Resolucion:<\/strong><\/td>\n<td>Optimizada hasta 2400 x 1200 dpi<\/td>\n<\/tr>\n<tr>\n<td><strong>Tecnologia:<\/strong><\/td>\n<td>HP Thermal Inkjet<\/td>\n<\/tr>\n<tr>\n<td><strong>Conectividad:<\/strong><\/td>\n<td width=\"558\">Gigabit Ethernet (1000Base-T) (802.3, 802.3u, 802.3ab); Interfaz Hi-Speed USB 2.0 certificada para impresi\u00f3n directa desde unidad flash USB<\/td>\n<\/tr>\n<tr>\n<td><strong>Grosor de Linea:<\/strong><\/td>\n<td>0,02 mm (PDF direccionable a 1200 dpi)<\/td>\n<\/tr>\n<tr>\n<td><strong>Tipos de papel:<\/strong><\/td>\n<td width=\"558\">Papel fotogr\u00e1fico satinado de secado instant\u00e1neo HP Universal (con certificaci\u00f3n FSC\u00ae) 2 (reciclable) 3; Lienzo mate para artistas HP; Papel recubierto de gramaje alto HP (con certificaci\u00f3n FSC\u00ae) 2 (reciclable) 3; Polipropileno mate HP Everyday (reciclable) 3; Papel fotogr\u00e1fico mate HP Premium (con certificaci\u00f3n FSC\u00ae) 2 (reciclable) 3<\/td>\n<\/tr>\n<tr>\n<td><strong>Cantidad de Tintas:<\/strong><\/td>\n<td>6 (cian, magenta, amarillo, negro mate, negro fotogr\u00e1fico, rojo crom\u00e1tico)<\/td>\n<\/tr>\n<tr>\n<td><strong>Garantia:<\/strong><\/td>\n<td>Un a\u00f1o de garant\u00eda limitada para el hardware<\/td>\n<\/tr>\n<tr>\n<td><strong>Que Incluye la caja:<\/strong><\/td>\n<td width=\"558\">Impresora HP DesignJet Z6 PostScript, cabezales de impresi\u00f3n, cartuchos de tinta iniciales, pata de impresora y bandeja de soportes, eje, gu\u00eda de referencia r\u00e1pida, p\u00f3ster de instalaci\u00f3n, cable de alimentaci\u00f3n<\/td>\n<\/tr>\n<\/tbody>\n<\/table>\n","protected":false},"featured_media":384,"comment_status":"open","ping_status":"closed","template":"","meta":{"content-type":""},"product_brand":[],"product_cat":[37],"product_tag":[],"class_list":{"0":"post-383","1":"product","2":"type-product","3":"status-publish","4":"has-post-thumbnail","6":"product_cat-plotter","8":"first","9":"instock","10":"shipping-taxable","11":"purchasable","12":"product-type-simple"},"_links":{"self":[{"href":"https:\/\/sumin.com.gt\/es\/wp-json\/wp\/v2\/product\/383","targetHints":{"allow":["GET"]}}],"collection":[{"href":"https:\/\/sumin.com.gt\/es\/wp-json\/wp\/v2\/product"}],"about":[{"href":"https:\/\/sumin.com.gt\/es\/wp-json\/wp\/v2\/types\/product"}],"replies":[{"embeddable":true,"href":"https:\/\/sumin.com.gt\/es\/wp-json\/wp\/v2\/comments?post=383"}],"wp:featuredmedia":[{"embeddable":true,"href":"https:\/\/sumin.com.gt\/es\/wp-json\/wp\/v2\/media\/384"}],"wp:attachment":[{"href":"https:\/\/sumin.com.gt\/es\/wp-json\/wp\/v2\/media?parent=383"}],"wp:term":[{"taxonomy":"product_brand","embeddable":true,"href":"https:\/\/sumin.com.gt\/es\/wp-json\/wp\/v2\/product_brand?post=383"},{"taxonomy":"product_cat","embeddable":true,"href":"https:\/\/sumin.com.gt\/es\/wp-json\/wp\/v2\/product_cat?post=383"},{"taxonomy":"product_tag","embeddable":true,"href":"https:\/\/sumin.com.gt\/es\/wp-json\/wp\/v2\/product_tag?post=383"}],"curies":[{"name":"wp","href":"https:\/\/api.w.org\/{rel}","templated":true}]}}