{"id":386,"date":"2025-12-09T06:44:37","date_gmt":"2025-12-09T06:44:37","guid":{"rendered":"https:\/\/sumin.com.gt\/es\/?post_type=product&#038;p=386"},"modified":"2025-12-09T06:52:04","modified_gmt":"2025-12-09T06:52:04","slug":"plotter-hp-designjet-z6-postscript-44","status":"publish","type":"product","link":"https:\/\/sumin.com.gt\/es\/producto\/plotter-hp-designjet-z6-postscript-44\/","title":{"rendered":"Plotter HP DesignJet Z6 PostScript 44"},"content":{"rendered":"<p align=\"center\"><a class=\"qbutton green default\" href=\"https:\/\/www.hp.com\/uy-es\/products\/large-format-printers\/product-details\/21158568\" target=\"_blank\" rel=\"noopener\">Ficha T\u00e9cnica<\/a><\/p>\n","protected":false},"excerpt":{"rendered":"<table width=\"784\">\n<tbody>\n<tr>\n<td width=\"159\"><strong>Codigo:<\/strong><\/td>\n<td width=\"625\">T8W16A<\/td>\n<\/tr>\n<tr>\n<td><strong>Modelo:<\/strong><\/td>\n<td>Plotter HP DesignJet Z6 PostScript 44<\/td>\n<\/tr>\n<tr>\n<td><strong>Funciones:<\/strong><\/td>\n<td>Impresi\u00f3n<\/td>\n<\/tr>\n<tr>\n<td><strong>Tama\u00f1o:<\/strong><\/td>\n<td>44 Pulgadas<\/td>\n<\/tr>\n<tr>\n<td><strong>Velocidad:\u00a0<\/strong><\/td>\n<td width=\"625\">R\u00e1pido: 80,5 m\u00b2\/h en medios normales; Normal: 18,8 m\u00b2\/h en medios recubiertos; Mejor: 9,7 m\u00b2\/h en medios brillantes 1<\/td>\n<\/tr>\n<tr>\n<td><strong>Resolucion:<\/strong><\/td>\n<td>Optimizada hasta 2400 x 1200 dpi<\/td>\n<\/tr>\n<tr>\n<td><strong>Tecnologia:<\/strong><\/td>\n<td width=\"625\">HP Thermal Inkjet<\/td>\n<\/tr>\n<tr>\n<td><strong>Conectividad:<\/strong><\/td>\n<td width=\"625\">Gigabit Ethernet (1000Base-T) (802.3, 802.3u, 802.3ab); Interfaz Hi-Speed USB 2.0 certificada para impresi\u00f3n directa desde unidad flash USB<\/td>\n<\/tr>\n<tr>\n<td><strong>Grosor de Linea:<\/strong><\/td>\n<td>Hasta 0,8 mm<\/td>\n<\/tr>\n<tr>\n<td><strong>Tipos de papel:<\/strong><\/td>\n<td width=\"625\">Papel fotogr\u00e1fico satinado de secado instant\u00e1neo HP Universal (con certificaci\u00f3n FSC\u00ae) 2 (reciclable) 3; Lienzo mate para artistas HP; Papel recubierto de gramaje alto HP (con certificaci\u00f3n FSC\u00ae) 2 (reciclable) 3; Polipropileno mate HP Everyday (reciclable) 3; Papel fotogr\u00e1fico mate HP Premium (con certificaci\u00f3n FSC\u00ae) 2 (reciclable) 3<\/td>\n<\/tr>\n<tr>\n<td><strong>Cantidad de Tintas:<\/strong><\/td>\n<td>6 (cian, magenta, amarillo, negro mate, negro fotogr\u00e1fico, rojo crom\u00e1tico)<\/td>\n<\/tr>\n<tr>\n<td><strong>Garantia:<\/strong><\/td>\n<td>Un a\u00f1o de garant\u00eda limitada para el hardware<\/td>\n<\/tr>\n<tr>\n<td><strong>Que Incluye la caja:<\/strong><\/td>\n<td width=\"625\">Impresora HP DesignJet Z6 PostScript, cabezales de impresi\u00f3n, cartuchos de tinta iniciales, bandeja de medios y soporte para impresora, eje, adaptador de n\u00facleo de 3&#8243;, gu\u00eda de referencia r\u00e1pida, p\u00f3ster de instalaci\u00f3n, cable de alimentaci\u00f3n<\/td>\n<\/tr>\n<\/tbody>\n<\/table>\n","protected":false},"featured_media":387,"comment_status":"open","ping_status":"closed","template":"","meta":{"content-type":""},"product_brand":[],"product_cat":[37],"product_tag":[],"class_list":{"0":"post-386","1":"product","2":"type-product","3":"status-publish","4":"has-post-thumbnail","6":"product_cat-plotter","8":"first","9":"instock","10":"shipping-taxable","11":"purchasable","12":"product-type-simple"},"_links":{"self":[{"href":"https:\/\/sumin.com.gt\/es\/wp-json\/wp\/v2\/product\/386","targetHints":{"allow":["GET"]}}],"collection":[{"href":"https:\/\/sumin.com.gt\/es\/wp-json\/wp\/v2\/product"}],"about":[{"href":"https:\/\/sumin.com.gt\/es\/wp-json\/wp\/v2\/types\/product"}],"replies":[{"embeddable":true,"href":"https:\/\/sumin.com.gt\/es\/wp-json\/wp\/v2\/comments?post=386"}],"wp:featuredmedia":[{"embeddable":true,"href":"https:\/\/sumin.com.gt\/es\/wp-json\/wp\/v2\/media\/387"}],"wp:attachment":[{"href":"https:\/\/sumin.com.gt\/es\/wp-json\/wp\/v2\/media?parent=386"}],"wp:term":[{"taxonomy":"product_brand","embeddable":true,"href":"https:\/\/sumin.com.gt\/es\/wp-json\/wp\/v2\/product_brand?post=386"},{"taxonomy":"product_cat","embeddable":true,"href":"https:\/\/sumin.com.gt\/es\/wp-json\/wp\/v2\/product_cat?post=386"},{"taxonomy":"product_tag","embeddable":true,"href":"https:\/\/sumin.com.gt\/es\/wp-json\/wp\/v2\/product_tag?post=386"}],"curies":[{"name":"wp","href":"https:\/\/api.w.org\/{rel}","templated":true}]}}