{"id":98,"date":"2016-07-21T09:15:39","date_gmt":"2016-07-21T09:15:39","guid":{"rendered":"http:\/\/bridge45.qodeinteractive.com\/?post_type=product&#038;p=98"},"modified":"2025-12-07T22:26:45","modified_gmt":"2025-12-07T22:26:45","slug":"plotter-t1700","status":"publish","type":"product","link":"https:\/\/sumin.com.gt\/es\/producto\/plotter-t1700\/","title":{"rendered":"Impresora HP DesignJet de la serie T1700"},"content":{"rendered":"<p align=\"center\"><a class=\"qbutton green default\" href=\"https:\/\/plotter-hp.com\/caracteristicas-plotter-hp\/caracteristicas-plotter-hp-designjet-t1700.pdf\" target=\"_blank\" rel=\"noopener\">Ficha T\u00e9cnica<\/a><\/p>\n","protected":false},"excerpt":{"rendered":"<table width=\"767\">\n<tbody>\n<tr>\n<td width=\"138\"><strong>Codigo:<\/strong><\/td>\n<td width=\"629\">1VD87A<\/td>\n<\/tr>\n<tr>\n<td><strong>Modelo:<\/strong><\/td>\n<td>\u00a0HP DesignJet T1700 PostScript de 44 pulgadas<\/td>\n<\/tr>\n<tr>\n<td><strong>Funciones:<\/strong><\/td>\n<td>Solo impresion<\/td>\n<\/tr>\n<tr>\n<td><strong>Tama\u00f1o:<\/strong><\/td>\n<td>\u00a044 pulgadas<\/td>\n<\/tr>\n<tr>\n<td><strong>Velocidad:<\/strong><\/td>\n<td>26 s\/pagina en A1; 116 Impresiones A1 por Hora<\/td>\n<\/tr>\n<tr>\n<td><strong>Resolucion:<\/strong><\/td>\n<td>Optimizada de hasta 2400&#215;1.200ppp<\/td>\n<\/tr>\n<tr>\n<td><strong>Tecnologia:<\/strong><\/td>\n<td>Inyecci\u00f3n t\u00e9rmica de tinta HP<\/td>\n<\/tr>\n<tr>\n<td><strong>Conectividad:<\/strong><\/td>\n<td width=\"629\">Ethernet, Fast Ethernet, Gigabit Ethernet, 10\/100\/1000Base-T Ethernet (802.3, 802.3u, 802.3ab); Puerto host USB Type-A<\/td>\n<\/tr>\n<tr>\n<td><strong>Grosor de Linea:<\/strong><\/td>\n<td>Hasta 0,8mm. (31,5mil)<\/td>\n<\/tr>\n<tr>\n<td><strong>Tipos de papel:<\/strong><\/td>\n<td width=\"629\">Papel bond y papel recubierto (bond, recubierto, recubierto de alto gramaje, s\u00faperalto gramaje y mate), papel t\u00e9cnico (calco natural y bond transl\u00facido), pel\u00edcula (transparente y mate), papel fotogr\u00e1fico (satinado, brillante, semibrillante, mate y brillo alto), retroiluminado, autoadhesivo (polipropileno y vinilo)<\/td>\n<\/tr>\n<tr>\n<td><strong>Cantidad de Tintas:<\/strong><\/td>\n<td>6(cian,magenta,amarillo,negrofotogr\u00e1fico,negromateygris)<\/td>\n<\/tr>\n<tr>\n<td><strong>Garantia:<\/strong><\/td>\n<td width=\"629\">Un a\u00f1o de garant\u00eda de hardware limitada. Las opciones de garant\u00eda y soporte var\u00edan seg\u00fan el producto, el pa\u00eds y los requisitos legales locales.<\/td>\n<\/tr>\n<tr>\n<td><strong>Que Incluye la caja:<\/strong><\/td>\n<td width=\"629\">1VD87A\/W6B55A: Impresora H PDesign Jet T1700; Cabezales de impresi\u00f3n; Cartuchos de tinta de inicializaci\u00f3n; Soporte de impresora; Mandril P\u00f3ster de instalaci\u00f3n; Informaci\u00f3n introductoria; Garant\u00eda; Cables de alimentaci\u00f3n; Kits de etiquetas 1VD88A\/W6B56A: Impresora HP Design JetT 1700; Cabezales de impresi\u00f3n; Cartuchos detinta de inicializaci\u00f3n; Soporte de impresora; Mandriles (x2); P\u00f3ster de instalaci\u00f3n; Informaci\u00f3n introductoria; Garant\u00eda; Cables dealimentaci\u00f3n ;Kits de etiquetas.<\/td>\n<\/tr>\n<\/tbody>\n<\/table>\n","protected":false},"featured_media":200,"comment_status":"open","ping_status":"closed","template":"","meta":{"content-type":""},"product_brand":[],"product_cat":[37],"product_tag":[],"class_list":{"0":"post-98","1":"product","2":"type-product","3":"status-publish","4":"has-post-thumbnail","6":"product_cat-plotter","8":"first","9":"instock","10":"shipping-taxable","11":"purchasable","12":"product-type-simple"},"_links":{"self":[{"href":"https:\/\/sumin.com.gt\/es\/wp-json\/wp\/v2\/product\/98","targetHints":{"allow":["GET"]}}],"collection":[{"href":"https:\/\/sumin.com.gt\/es\/wp-json\/wp\/v2\/product"}],"about":[{"href":"https:\/\/sumin.com.gt\/es\/wp-json\/wp\/v2\/types\/product"}],"replies":[{"embeddable":true,"href":"https:\/\/sumin.com.gt\/es\/wp-json\/wp\/v2\/comments?post=98"}],"wp:featuredmedia":[{"embeddable":true,"href":"https:\/\/sumin.com.gt\/es\/wp-json\/wp\/v2\/media\/200"}],"wp:attachment":[{"href":"https:\/\/sumin.com.gt\/es\/wp-json\/wp\/v2\/media?parent=98"}],"wp:term":[{"taxonomy":"product_brand","embeddable":true,"href":"https:\/\/sumin.com.gt\/es\/wp-json\/wp\/v2\/product_brand?post=98"},{"taxonomy":"product_cat","embeddable":true,"href":"https:\/\/sumin.com.gt\/es\/wp-json\/wp\/v2\/product_cat?post=98"},{"taxonomy":"product_tag","embeddable":true,"href":"https:\/\/sumin.com.gt\/es\/wp-json\/wp\/v2\/product_tag?post=98"}],"curies":[{"name":"wp","href":"https:\/\/api.w.org\/{rel}","templated":true}]}}